{"id":3,"date":"2025-05-15T11:29:08","date_gmt":"2025-05-15T11:29:08","guid":{"rendered":"https:\/\/wapix.website\/magnier\/?page_id=3"},"modified":"2026-03-23T16:53:06","modified_gmt":"2026-03-23T16:53:06","slug":"privacy-policy","status":"publish","type":"page","link":"https:\/\/wapix.website\/magnier\/privacy-policy\/","title":{"rendered":"Politique de confidentialit\u00e9"},"content":{"rendered":"\t\t<div data-elementor-type=\"wp-page\" data-elementor-id=\"3\" class=\"elementor elementor-3\">\n\t\t\t\t<div class=\"elementor-element elementor-element-5718cb04 e-flex e-con-boxed sc_layouts_column_icons_position_left e-con e-parent\" data-id=\"5718cb04\" data-element_type=\"container\" data-e-type=\"container\">\n\t\t\t\t\t<div class=\"e-con-inner\">\n\t\t\t\t<div class=\"elementor-element elementor-element-53b852f2 sc_fly_static elementor-widget elementor-widget-text-editor\" data-id=\"53b852f2\" data-element_type=\"widget\" data-e-type=\"widget\" data-widget_type=\"text-editor.default\">\n\t\t\t\t<div class=\"elementor-widget-container\">\n\t\t\t\t\t\t\t\t\t<h5>Qui sommes-nous ?<\/h5><p>L\u2019adresse de notre site web est : https:\/\/magnier.be<\/p>\t\t\t\t\t\t\t\t<\/div>\n\t\t\t\t<\/div>\n\t\t\t\t<div class=\"elementor-element elementor-element-2d8814c7 sc_fly_static elementor-widget elementor-widget-text-editor\" data-id=\"2d8814c7\" data-element_type=\"widget\" data-e-type=\"widget\" data-widget_type=\"text-editor.default\">\n\t\t\t\t<div class=\"elementor-widget-container\">\n\t\t\t\t\t\t\t\t\t<h5>Commentaires<\/h5><p><span style=\"font-weight: 400;\">Lorsque vous laissez un commentaire sur notre site, les donn\u00e9es inscrites dans le formulaire, ainsi que votre adresse IP et l\u2019agent utilisateur de votre navigateur, sont collect\u00e9s afin de nous aider \u00e0 d\u00e9tecter les commentaires ind\u00e9sirables.<\/span><\/p><p><span style=\"font-weight: 400;\">Une cha\u00eene anonymis\u00e9e (hash) cr\u00e9\u00e9e \u00e0 partir de votre adresse e-mail peut \u00eatre envoy\u00e9e au service Gravatar pour v\u00e9rifier si vous utilisez ce service.<\/span><span style=\"font-weight: 400;\"><br \/><\/span><span style=\"font-weight: 400;\">Les donn\u00e9es li\u00e9es \u00e0 ce service sont trait\u00e9es selon leur propre politique de confidentialit\u00e9.<\/span><\/p><p><span style=\"font-weight: 400;\">Apr\u00e8s validation de votre commentaire, votre photo de profil peut \u00eatre visible publiquement \u00e0 c\u00f4t\u00e9 de celui-ci.<\/span><\/p><h6>M\u00e9dias<\/h6><p>Si vous t\u00e9l\u00e9versez des images sur le site, il est recommand\u00e9 d\u2019\u00e9viter d\u2019inclure des donn\u00e9es EXIF contenant des coordonn\u00e9es GPS. Les visiteurs pourraient extraire ces informations de localisation.<\/p><h6>Cookies<\/h6><p><span style=\"font-weight: 400;\">Lorsque vous laissez un commentaire, il vous sera propos\u00e9 d\u2019enregistrer votre nom, adresse e-mail et site web dans des cookies.<\/span><span style=\"font-weight: 400;\"><br \/><\/span><span style=\"font-weight: 400;\">Ces cookies sont destin\u00e9s \u00e0 votre confort et expirent apr\u00e8s un an.<\/span><\/p><p><span style=\"font-weight: 400;\">Un cookie temporaire est \u00e9galement cr\u00e9\u00e9 lors de votre connexion afin de v\u00e9rifier si votre navigateur accepte les cookies.<\/span><span style=\"font-weight: 400;\"><br \/><\/span><span style=\"font-weight: 400;\">Il ne contient aucune donn\u00e9e personnelle et est supprim\u00e9 \u00e0 la fermeture du navigateur.<\/span><\/p><p><span style=\"font-weight: 400;\">Lors de la connexion, plusieurs cookies sont mis en place pour enregistrer vos informations de connexion et vos pr\u00e9f\u00e9rences :<\/span><\/p><ul><li style=\"font-weight: 400;\" aria-level=\"1\"><span style=\"font-weight: 400;\">Cookie de connexion : 2 jours<\/span><\/li><li style=\"font-weight: 400;\" aria-level=\"1\"><span style=\"font-weight: 400;\">Cookie \u201cSe souvenir de moi\u201d : 2 semaines<\/span><\/li><li style=\"font-weight: 400;\" aria-level=\"1\"><span style=\"font-weight: 400;\">Cookies d\u2019options d\u2019\u00e9cran : 1 an<\/span><\/li><\/ul><p><span style=\"font-weight: 400;\">Un cookie suppl\u00e9mentaire est enregistr\u00e9 lors de la modification ou publication d\u2019un contenu.<\/span><span style=\"font-weight: 400;\"><br \/><\/span><span style=\"font-weight: 400;\">Il ne contient aucune donn\u00e9e personnelle et expire apr\u00e8s 24 heures.<\/span><\/p><h6>Contenu embarqu\u00e9 depuis d\u2019autres sites<\/h6><p><span style=\"font-weight: 400;\">Les articles de ce site peuvent inclure des contenus int\u00e9gr\u00e9s (vid\u00e9os, images, articles\u2026).<\/span><\/p><p><span style=\"font-weight: 400;\">Ces contenus se comportent comme si vous visitiez directement le site source.<\/span><span style=\"font-weight: 400;\"><br \/><\/span><span style=\"font-weight: 400;\">Ces sites peuvent collecter des donn\u00e9es, utiliser des cookies et suivre vos interactions, notamment si vous \u00eates connect\u00e9 \u00e0 leurs services.<\/span><\/p><h6>Utilisation et transmission de vos donn\u00e9es personnelles<\/h6><p>Si vous demandez une r\u00e9initialisation de votre mot de passe, votre adresse IP sera incluse dans l\u2019e-mail envoy\u00e9.<\/p><h6>Dur\u00e9e de conservation des donn\u00e9es<\/h6><p><span style=\"font-weight: 400;\">Les commentaires et leurs m\u00e9tadonn\u00e9es sont conserv\u00e9s ind\u00e9finiment afin de faciliter la mod\u00e9ration automatique des commentaires suivants.<\/span><\/p><p><span style=\"font-weight: 400;\">Pour les utilisateurs enregistr\u00e9s (si applicable), les donn\u00e9es personnelles sont stock\u00e9es dans leur profil.<\/span><span style=\"font-weight: 400;\"><br \/><\/span><span style=\"font-weight: 400;\">Chaque utilisateur peut consulter, modifier ou supprimer ses informations personnelles \u00e0 tout moment (hors identifiant).<\/span><\/p><p><span style=\"font-weight: 400;\">Les administrateurs du site peuvent \u00e9galement acc\u00e9der et modifier ces informations.<\/span><\/p><h6>Vos droits sur vos donn\u00e9es<\/h6><p><span style=\"font-weight: 400;\">Vous pouvez demander :<\/span><\/p><ul><li style=\"font-weight: 400;\" aria-level=\"1\"><span style=\"font-weight: 400;\">Un export des donn\u00e9es personnelles vous concernant<\/span><\/li><li style=\"font-weight: 400;\" aria-level=\"1\"><span style=\"font-weight: 400;\">La suppression de vos donn\u00e9es personnelles<\/span><\/li><\/ul><p><span style=\"font-weight: 400;\">Certaines donn\u00e9es peuvent \u00eatre conserv\u00e9es pour des obligations l\u00e9gales, administratives ou de s\u00e9curit\u00e9.<\/span><\/p><h6>Transmission de vos donn\u00e9es<\/h6><p>Les commentaires des visiteurs peuvent \u00eatre analys\u00e9s via un service automatis\u00e9 de d\u00e9tection des contenus ind\u00e9sirables.<\/p>\t\t\t\t\t\t\t\t<\/div>\n\t\t\t\t<\/div>\n\t\t\t\t\t<\/div>\n\t\t\t\t<\/div>\n\t\t\t\t<\/div>\n\t\t","protected":false},"excerpt":{"rendered":"<p>Qui sommes-nous ? L\u2019adresse de notre site web est : https:\/\/magnier.be Commentaires Lorsque&hellip;<\/p>\n","protected":false},"author":1,"featured_media":0,"parent":0,"menu_order":0,"comment_status":"closed","ping_status":"closed","template":"","meta":{"footnotes":""},"class_list":["post-3","page","type-page","status-publish","hentry"],"yoast_head":"<!-- This site is optimized with the Yoast SEO plugin v27.2 - https:\/\/yoast.com\/product\/yoast-seo-wordpress\/ -->\n<title>Politique de confidentialit\u00e9 - Auto Technic Magnier<\/title>\n<meta name=\"robots\" content=\"noindex, follow, max-snippet:-1, max-image-preview:large, max-video-preview:-1\" \/>\n<meta property=\"og:locale\" content=\"fr_FR\" \/>\n<meta property=\"og:type\" content=\"article\" \/>\n<meta property=\"og:title\" content=\"Politique de confidentialit\u00e9 - Auto Technic Magnier\" \/>\n<meta property=\"og:description\" content=\"Qui sommes-nous ? L\u2019adresse de notre site web est : https:\/\/magnier.be Commentaires Lorsque&hellip;\" \/>\n<meta property=\"og:url\" content=\"https:\/\/wapix.website\/magnier\/privacy-policy\/\" \/>\n<meta property=\"og:site_name\" content=\"Auto Technic Magnier\" \/>\n<meta property=\"article:modified_time\" content=\"2026-03-23T16:53:06+00:00\" \/>\n<meta name=\"twitter:card\" content=\"summary_large_image\" \/>\n<meta name=\"twitter:label1\" content=\"Dur\u00e9e de lecture estim\u00e9e\" \/>\n\t<meta name=\"twitter:data1\" content=\"3 minutes\" \/>\n<script type=\"application\/ld+json\" class=\"yoast-schema-graph\">{\"@context\":\"https:\/\/schema.org\",\"@graph\":[{\"@type\":\"WebPage\",\"@id\":\"https:\/\/wapix.website\/magnier\/privacy-policy\/\",\"url\":\"https:\/\/wapix.website\/magnier\/privacy-policy\/\",\"name\":\"Politique de confidentialit\u00e9 - Auto Technic Magnier\",\"isPartOf\":{\"@id\":\"https:\/\/wapix.website\/magnier\/#website\"},\"datePublished\":\"2025-05-15T11:29:08+00:00\",\"dateModified\":\"2026-03-23T16:53:06+00:00\",\"breadcrumb\":{\"@id\":\"https:\/\/wapix.website\/magnier\/privacy-policy\/#breadcrumb\"},\"inLanguage\":\"fr-FR\",\"potentialAction\":[{\"@type\":\"ReadAction\",\"target\":[\"https:\/\/wapix.website\/magnier\/privacy-policy\/\"]}]},{\"@type\":\"BreadcrumbList\",\"@id\":\"https:\/\/wapix.website\/magnier\/privacy-policy\/#breadcrumb\",\"itemListElement\":[{\"@type\":\"ListItem\",\"position\":1,\"name\":\"Accueil\",\"item\":\"https:\/\/wapix.website\/magnier\/\"},{\"@type\":\"ListItem\",\"position\":2,\"name\":\"Politique de confidentialit\u00e9\"}]},{\"@type\":\"WebSite\",\"@id\":\"https:\/\/wapix.website\/magnier\/#website\",\"url\":\"https:\/\/wapix.website\/magnier\/\",\"name\":\"Garage Magnier\",\"description\":\"Distributeur ind\u00e9pendant Mercedes\",\"publisher\":{\"@id\":\"https:\/\/wapix.website\/magnier\/#organization\"},\"potentialAction\":[{\"@type\":\"SearchAction\",\"target\":{\"@type\":\"EntryPoint\",\"urlTemplate\":\"https:\/\/wapix.website\/magnier\/?s={search_term_string}\"},\"query-input\":{\"@type\":\"PropertyValueSpecification\",\"valueRequired\":true,\"valueName\":\"search_term_string\"}}],\"inLanguage\":\"fr-FR\"},{\"@type\":\"Organization\",\"@id\":\"https:\/\/wapix.website\/magnier\/#organization\",\"name\":\"Garage Magnier\",\"url\":\"https:\/\/wapix.website\/magnier\/\",\"logo\":{\"@type\":\"ImageObject\",\"inLanguage\":\"fr-FR\",\"@id\":\"https:\/\/wapix.website\/magnier\/#\/schema\/logo\/image\/\",\"url\":\"https:\/\/wapix.website\/magnier\/wp-content\/uploads\/2026\/03\/Logo-H_01.png\",\"contentUrl\":\"https:\/\/wapix.website\/magnier\/wp-content\/uploads\/2026\/03\/Logo-H_01.png\",\"width\":231,\"height\":65,\"caption\":\"Garage Magnier\"},\"image\":{\"@id\":\"https:\/\/wapix.website\/magnier\/#\/schema\/logo\/image\/\"}}]}<\/script>\n<!-- \/ Yoast SEO plugin. -->","yoast_head_json":{"title":"Politique de confidentialit\u00e9 - Auto Technic Magnier","robots":{"index":"noindex","follow":"follow","max-snippet":"max-snippet:-1","max-image-preview":"max-image-preview:large","max-video-preview":"max-video-preview:-1"},"og_locale":"fr_FR","og_type":"article","og_title":"Politique de confidentialit\u00e9 - Auto Technic Magnier","og_description":"Qui sommes-nous ? L\u2019adresse de notre site web est : https:\/\/magnier.be Commentaires Lorsque&hellip;","og_url":"https:\/\/wapix.website\/magnier\/privacy-policy\/","og_site_name":"Auto Technic Magnier","article_modified_time":"2026-03-23T16:53:06+00:00","twitter_card":"summary_large_image","twitter_misc":{"Dur\u00e9e de lecture estim\u00e9e":"3 minutes"},"schema":{"@context":"https:\/\/schema.org","@graph":[{"@type":"WebPage","@id":"https:\/\/wapix.website\/magnier\/privacy-policy\/","url":"https:\/\/wapix.website\/magnier\/privacy-policy\/","name":"Politique de confidentialit\u00e9 - Auto Technic Magnier","isPartOf":{"@id":"https:\/\/wapix.website\/magnier\/#website"},"datePublished":"2025-05-15T11:29:08+00:00","dateModified":"2026-03-23T16:53:06+00:00","breadcrumb":{"@id":"https:\/\/wapix.website\/magnier\/privacy-policy\/#breadcrumb"},"inLanguage":"fr-FR","potentialAction":[{"@type":"ReadAction","target":["https:\/\/wapix.website\/magnier\/privacy-policy\/"]}]},{"@type":"BreadcrumbList","@id":"https:\/\/wapix.website\/magnier\/privacy-policy\/#breadcrumb","itemListElement":[{"@type":"ListItem","position":1,"name":"Accueil","item":"https:\/\/wapix.website\/magnier\/"},{"@type":"ListItem","position":2,"name":"Politique de confidentialit\u00e9"}]},{"@type":"WebSite","@id":"https:\/\/wapix.website\/magnier\/#website","url":"https:\/\/wapix.website\/magnier\/","name":"Garage Magnier","description":"Distributeur ind\u00e9pendant Mercedes","publisher":{"@id":"https:\/\/wapix.website\/magnier\/#organization"},"potentialAction":[{"@type":"SearchAction","target":{"@type":"EntryPoint","urlTemplate":"https:\/\/wapix.website\/magnier\/?s={search_term_string}"},"query-input":{"@type":"PropertyValueSpecification","valueRequired":true,"valueName":"search_term_string"}}],"inLanguage":"fr-FR"},{"@type":"Organization","@id":"https:\/\/wapix.website\/magnier\/#organization","name":"Garage Magnier","url":"https:\/\/wapix.website\/magnier\/","logo":{"@type":"ImageObject","inLanguage":"fr-FR","@id":"https:\/\/wapix.website\/magnier\/#\/schema\/logo\/image\/","url":"https:\/\/wapix.website\/magnier\/wp-content\/uploads\/2026\/03\/Logo-H_01.png","contentUrl":"https:\/\/wapix.website\/magnier\/wp-content\/uploads\/2026\/03\/Logo-H_01.png","width":231,"height":65,"caption":"Garage Magnier"},"image":{"@id":"https:\/\/wapix.website\/magnier\/#\/schema\/logo\/image\/"}}]}},"_hostinger_reach_plugin_has_subscription_block":false,"_hostinger_reach_plugin_is_elementor":false,"_links":{"self":[{"href":"https:\/\/wapix.website\/magnier\/wp-json\/wp\/v2\/pages\/3","targetHints":{"allow":["GET"]}}],"collection":[{"href":"https:\/\/wapix.website\/magnier\/wp-json\/wp\/v2\/pages"}],"about":[{"href":"https:\/\/wapix.website\/magnier\/wp-json\/wp\/v2\/types\/page"}],"author":[{"embeddable":true,"href":"https:\/\/wapix.website\/magnier\/wp-json\/wp\/v2\/users\/1"}],"replies":[{"embeddable":true,"href":"https:\/\/wapix.website\/magnier\/wp-json\/wp\/v2\/comments?post=3"}],"version-history":[{"count":5,"href":"https:\/\/wapix.website\/magnier\/wp-json\/wp\/v2\/pages\/3\/revisions"}],"predecessor-version":[{"id":6745,"href":"https:\/\/wapix.website\/magnier\/wp-json\/wp\/v2\/pages\/3\/revisions\/6745"}],"wp:attachment":[{"href":"https:\/\/wapix.website\/magnier\/wp-json\/wp\/v2\/media?parent=3"}],"curies":[{"name":"wp","href":"https:\/\/api.w.org\/{rel}","templated":true}]}}