{"id":6771,"date":"2026-03-24T07:54:31","date_gmt":"2026-03-24T07:54:31","guid":{"rendered":"https:\/\/wapix.website\/magnier\/?page_id=6771"},"modified":"2026-03-24T08:28:10","modified_gmt":"2026-03-24T08:28:10","slug":"vendre-votre-vehicule","status":"publish","type":"page","link":"https:\/\/wapix.website\/magnier\/vendre-votre-vehicule\/","title":{"rendered":"Vendre votre v\u00e9hicule"},"content":{"rendered":"\t\t<div data-elementor-type=\"wp-page\" data-elementor-id=\"6771\" class=\"elementor elementor-6771\">\n\t\t\t\t<div class=\"elementor-element elementor-element-320b7e5 e-flex e-con-boxed sc_layouts_column_icons_position_left e-con e-parent\" data-id=\"320b7e5\" data-element_type=\"container\" data-e-type=\"container\" data-settings=\"{&quot;background_background&quot;:&quot;classic&quot;}\">\n\t\t\t\t\t<div class=\"e-con-inner\">\n\t\t\t\t<div data-animation-type=\"block\" class=\"elementor-element elementor-element-0a7c246 elementor-widget__width-inherit animation_type_block sc_fly_static elementor-invisible elementor-widget elementor-widget-heading\" data-id=\"0a7c246\" data-element_type=\"widget\" data-e-type=\"widget\" data-settings=\"{&quot;_animation_delay&quot;:100,&quot;_animation&quot;:&quot;ta_fadeinup&quot;}\" data-widget_type=\"heading.default\">\n\t\t\t\t<div class=\"elementor-widget-container\">\n\t\t\t\t\t<h1 class=\"elementor-heading-title elementor-size-default\">Vendre votre v\u00e9hicule<\/h1>\t\t\t\t<\/div>\n\t\t\t\t<\/div>\n\t\t\t\t\t<\/div>\n\t\t\t\t<\/div>\n\t\t<div class=\"elementor-element elementor-element-36dfec1 e-flex e-con-boxed sc_layouts_column_icons_position_left e-con e-parent\" data-id=\"36dfec1\" data-element_type=\"container\" data-e-type=\"container\">\n\t\t\t\t\t<div class=\"e-con-inner\">\n\t\t<div class=\"elementor-element elementor-element-bb89d83 e-con-full e-flex sc_layouts_column_icons_position_left e-con e-child\" data-id=\"bb89d83\" data-element_type=\"container\" data-e-type=\"container\">\n\t\t\t\t<div data-animation-type=\"block\" class=\"elementor-element elementor-element-001b35a animation_type_block sc_fly_static elementor-invisible elementor-widget elementor-widget-heading\" data-id=\"001b35a\" data-element_type=\"widget\" data-e-type=\"widget\" data-settings=\"{&quot;_animation&quot;:&quot;ta_fadeinup&quot;}\" data-widget_type=\"heading.default\">\n\t\t\t\t<div class=\"elementor-widget-container\">\n\t\t\t\t\t<p class=\"elementor-heading-title elementor-size-default\"><b>Auto Technic<\/b> Magnier<\/p>\t\t\t\t<\/div>\n\t\t\t\t<\/div>\n\t\t\t\t<div data-animation-type=\"line\" data-animation-stagger=\"80\" class=\"elementor-element elementor-element-d522e25 animation_type_line sc_fly_static elementor-invisible elementor-widget elementor-widget-trx_elm_advanced_title\" data-id=\"d522e25\" data-element_type=\"widget\" data-e-type=\"widget\" data-settings=\"{&quot;_animation&quot;:&quot;ta_fadeinup&quot;,&quot;_animation_delay&quot;:100}\" data-widget_type=\"trx_elm_advanced_title.default\">\n\t\t\t\t<div class=\"elementor-widget-container\">\n\t\t\t\t\t<h2 class=\"trx-addons-advanced-title\" >\n<span class=\"trx-addons-advanced-title-item trx-addons-advanced-title-item-text elementor-repeater-item-d1725d5\">Vous souhaitez vendre<\/span>\n<span class=\"trx-addons-advanced-title-item trx-addons-advanced-title-item-text elementor-repeater-item-0350144\">votre v\u00e9hicule<\/span>\n<span class=\"trx-addons-advanced-title-item trx-addons-advanced-title-item-text elementor-repeater-item-4483d9d\">simplement ?\n<\/span><\/h2>\t\t\t\t<\/div>\n\t\t\t\t<\/div>\n\t\t\t\t<\/div>\n\t\t<div class=\"e-con-gap-no elementor-element elementor-element-f069aa3 e-con-full e-flex sc_layouts_column_icons_position_left e-con e-child\" data-id=\"f069aa3\" data-element_type=\"container\" data-e-type=\"container\">\n\t\t<div data-animation-type=\"block\" class=\"elementor-element elementor-element-1ddc59e e-con-full e-flex sc_layouts_column_icons_position_left animation_type_block elementor-invisible e-con e-child\" data-id=\"1ddc59e\" data-element_type=\"container\" data-e-type=\"container\" data-settings=\"{&quot;animation&quot;:&quot;ta_fadeinup&quot;,&quot;animation_delay&quot;:100}\">\n\t\t\t\t<div class=\"elementor-element elementor-element-ba0544a sc_fly_static elementor-widget elementor-widget-text-editor\" data-id=\"ba0544a\" data-element_type=\"widget\" data-e-type=\"widget\" data-widget_type=\"text-editor.default\">\n\t\t\t\t<div class=\"elementor-widget-container\">\n\t\t\t\t\t\t\t\t\t<p>Nous avons la solution.<\/p><p>Contactez l\u2019un de nos experts au <strong>069 77 21 11<\/strong> ou compl\u00e9tez notre formulaire en ligne. Nous revenons vers vous dans un d\u00e9lai de <strong>48 heures<\/strong> avec une estimation de prix.<\/p>\t\t\t\t\t\t\t\t<\/div>\n\t\t\t\t<\/div>\n\t\t\t\t<\/div>\n\t\t<div data-animation-type=\"block\" class=\"elementor-element elementor-element-0789f34 e-con-full e-flex sc_layouts_column_icons_position_left animation_type_block elementor-invisible e-con e-child\" data-id=\"0789f34\" data-element_type=\"container\" data-e-type=\"container\" data-settings=\"{&quot;animation&quot;:&quot;ta_fadeinup&quot;,&quot;animation_delay&quot;:100}\">\n\t\t\t\t<div class=\"elementor-element elementor-element-2605a13 sc_fly_static elementor-widget elementor-widget-text-editor\" data-id=\"2605a13\" data-element_type=\"widget\" data-e-type=\"widget\" data-widget_type=\"text-editor.default\">\n\t\t\t\t<div class=\"elementor-widget-container\">\n\t\t\t\t\t\t\t\t\t<p>Nous vous proposons ensuite un rendez-vous afin d\u2019examiner votre v\u00e9hicule en d\u00e9tail et de vous faire une offre juste, bas\u00e9e sur une \u00e9valuation pr\u00e9cise.<\/p><p>Notre objectif : vous permettre de vendre votre v\u00e9hicule rapidement, simplement et au meilleur prix.<\/p>\t\t\t\t\t\t\t\t<\/div>\n\t\t\t\t<\/div>\n\t\t\t\t<\/div>\n\t\t\t\t<\/div>\n\t\t\t\t<div data-animation-type=\"block\" class=\"elementor-element elementor-element-844bed4 animation_type_block sc_fly_static elementor-invisible elementor-widget elementor-widget-image\" data-id=\"844bed4\" data-element_type=\"widget\" data-e-type=\"widget\" data-settings=\"{&quot;_animation&quot;:&quot;ta_fadeinup&quot;,&quot;_animation_delay&quot;:100}\" data-widget_type=\"image.default\">\n\t\t\t\t<div class=\"elementor-widget-container\">\n\t\t\t\t\t\t\t\t\t\t\t\t\t\t\t<img fetchpriority=\"high\" decoding=\"async\" width=\"2048\" height=\"1536\" src=\"https:\/\/wapix.website\/magnier\/wp-content\/uploads\/2026\/03\/512682989_1283176353814838_451678324331970585_n.jpg\" class=\"attachment-full size-full wp-image-6446\" alt=\"\" srcset=\"https:\/\/wapix.website\/magnier\/wp-content\/uploads\/2026\/03\/512682989_1283176353814838_451678324331970585_n.jpg 2048w, https:\/\/wapix.website\/magnier\/wp-content\/uploads\/2026\/03\/512682989_1283176353814838_451678324331970585_n-300x225.jpg 300w, https:\/\/wapix.website\/magnier\/wp-content\/uploads\/2026\/03\/512682989_1283176353814838_451678324331970585_n-1024x768.jpg 1024w, https:\/\/wapix.website\/magnier\/wp-content\/uploads\/2026\/03\/512682989_1283176353814838_451678324331970585_n-768x576.jpg 768w, https:\/\/wapix.website\/magnier\/wp-content\/uploads\/2026\/03\/512682989_1283176353814838_451678324331970585_n-1536x1152.jpg 1536w, https:\/\/wapix.website\/magnier\/wp-content\/uploads\/2026\/03\/512682989_1283176353814838_451678324331970585_n-370x278.jpg 370w, https:\/\/wapix.website\/magnier\/wp-content\/uploads\/2026\/03\/512682989_1283176353814838_451678324331970585_n-924x693.jpg 924w, https:\/\/wapix.website\/magnier\/wp-content\/uploads\/2026\/03\/512682989_1283176353814838_451678324331970585_n-410x308.jpg 410w\" sizes=\"(max-width: 2048px) 100vw, 2048px\" \/>\t\t\t\t\t\t\t\t\t\t\t\t\t\t\t<\/div>\n\t\t\t\t<\/div>\n\t\t\t\t\t<\/div>\n\t\t\t\t<\/div>\n\t\t<div class=\"elementor-element elementor-element-baec046 e-con-full e-flex sc_layouts_column_icons_position_left e-con e-parent\" data-id=\"baec046\" data-element_type=\"container\" data-e-type=\"container\">\n\t\t<div class=\"elementor-element elementor-element-d9e401e e-grid e-con-full sc_layouts_column_icons_position_left e-con e-child\" data-id=\"d9e401e\" data-element_type=\"container\" data-e-type=\"container\">\n\t\t<div class=\"elementor-element elementor-element-2fae3c5 e-con-full e-flex sc_layouts_column_icons_position_left e-con e-child\" data-id=\"2fae3c5\" data-element_type=\"container\" data-e-type=\"container\">\n\t\t\t\t<div data-animation-type=\"block\" class=\"elementor-element elementor-element-37d4df3 elementor-widget__width-initial animation_type_block sc_fly_static elementor-invisible elementor-widget elementor-widget-heading\" data-id=\"37d4df3\" data-element_type=\"widget\" data-e-type=\"widget\" data-settings=\"{&quot;_animation_delay&quot;:100,&quot;_animation&quot;:&quot;ta_fadeinup&quot;}\" data-widget_type=\"heading.default\">\n\t\t\t\t<div class=\"elementor-widget-container\">\n\t\t\t\t\t<h1 class=\"elementor-heading-title elementor-size-default\">Quelques chiffres<\/h1>\t\t\t\t<\/div>\n\t\t\t\t<\/div>\n\t\t\t\t<div data-animation-type=\"block\" class=\"elementor-element elementor-element-f758dfe animation_type_block sc_fly_static elementor-invisible elementor-widget elementor-widget-text-editor\" data-id=\"f758dfe\" data-element_type=\"widget\" data-e-type=\"widget\" data-settings=\"{&quot;_animation&quot;:&quot;ta_fadeinup&quot;,&quot;_animation_delay&quot;:100}\" data-widget_type=\"text-editor.default\">\n\t\t\t\t<div class=\"elementor-widget-container\">\n\t\t\t\t\t\t\t\t\t<p>Expertise, ind\u00e9pendance, disponibilit\u00e9 et garantie sont au c\u0153ur de notre engagement.<\/p>\t\t\t\t\t\t\t\t<\/div>\n\t\t\t\t<\/div>\n\t\t\t\t<\/div>\n\t\t<div class=\"elementor-element elementor-element-1957a32 e-grid e-con-full sc_layouts_column_icons_position_left e-con e-child\" data-id=\"1957a32\" data-element_type=\"container\" data-e-type=\"container\">\n\t\t\t\t<div class=\"elementor-element elementor-element-d12e0d5 sc_fly_static elementor-widget elementor-widget-trx_elm_counter\" data-id=\"d12e0d5\" data-element_type=\"widget\" data-e-type=\"widget\" data-widget_type=\"trx_elm_counter.default\">\n\t\t\t\t<div class=\"elementor-widget-container\">\n\t\t\t\t\t\t\t<div class=\"trx-addons-counter-container\">\n\t\t\t<div class=\"trx-addons-counter trx-addons-counter-d12e0d5 trx-addons-counter-layout-1\" data-target=\".trx-addons-counter-number-d12e0d5\"><div class=\"trx-addons-counter-number-title-wrap\"><p class=\"trx-addons-counter-number-wrap\"><span class=\"trx-addons-counter-number trx-addons-counter-number-d12e0d5\" data-from=\"0\" data-to=\"30\" data-speed=\"1500\" data-separator=\"yes\" data-separator-char=\"\">0<\/span><\/p><div class=\"trx-addons-counter-title-wrap\"><div class=\"trx-addons-counter-title\">voitures en stock<\/div><\/div><\/div><\/div>\n\t\t<\/div>\n\t\t\t\t\t\t<\/div>\n\t\t\t\t<\/div>\n\t\t\t\t<div class=\"elementor-element elementor-element-aeabc5c sc_fly_static elementor-widget elementor-widget-trx_elm_counter\" data-id=\"aeabc5c\" data-element_type=\"widget\" data-e-type=\"widget\" data-widget_type=\"trx_elm_counter.default\">\n\t\t\t\t<div class=\"elementor-widget-container\">\n\t\t\t\t\t\t\t<div class=\"trx-addons-counter-container\">\n\t\t\t<div class=\"trx-addons-counter trx-addons-counter-aeabc5c trx-addons-counter-layout-1\" data-target=\".trx-addons-counter-number-aeabc5c\"><div class=\"trx-addons-counter-number-title-wrap\"><p class=\"trx-addons-counter-number-wrap\"><span class=\"trx-addons-counter-number trx-addons-counter-number-aeabc5c\" data-from=\"0\" data-to=\"5200\" data-speed=\"1500\" data-separator=\"yes\" data-separator-char=\" \">0<\/span><\/p><div class=\"trx-addons-counter-title-wrap\"><div class=\"trx-addons-counter-title\">achats v\u00e9rifi\u00e9s<\/div><\/div><\/div><\/div>\n\t\t<\/div>\n\t\t\t\t\t\t<\/div>\n\t\t\t\t<\/div>\n\t\t\t\t<\/div>\n\t\t\t\t<\/div>\n\t\t<div class=\"elementor-element elementor-element-46d0a12 e-grid e-con-full sc_layouts_column_icons_position_left e-con e-child\" data-id=\"46d0a12\" data-element_type=\"container\" data-e-type=\"container\">\n\t\t\t\t<div class=\"elementor-element elementor-element-3cf1459 sc_fly_static elementor-widget elementor-widget-trx_elm_counter\" data-id=\"3cf1459\" data-element_type=\"widget\" data-e-type=\"widget\" data-widget_type=\"trx_elm_counter.default\">\n\t\t\t\t<div class=\"elementor-widget-container\">\n\t\t\t\t\t\t\t<div class=\"trx-addons-counter-container\">\n\t\t\t<div class=\"trx-addons-counter trx-addons-counter-3cf1459 trx-addons-counter-layout-1\" data-target=\".trx-addons-counter-number-3cf1459\"><div class=\"trx-addons-counter-number-title-wrap\"><p class=\"trx-addons-counter-number-wrap\"><span class=\"trx-addons-counter-number trx-addons-counter-number-3cf1459\" data-from=\"0\" data-to=\"4137\" data-speed=\"1500\" data-separator=\"yes\" data-separator-char=\" \">0<\/span><\/p><div class=\"trx-addons-counter-title-wrap\"><div class=\"trx-addons-counter-title\">clients satisfaits<\/div><\/div><\/div><\/div>\n\t\t<\/div>\n\t\t\t\t\t\t<\/div>\n\t\t\t\t<\/div>\n\t\t\t\t<div class=\"elementor-element elementor-element-cd09634 sc_fly_static elementor-widget elementor-widget-trx_elm_counter\" data-id=\"cd09634\" data-element_type=\"widget\" data-e-type=\"widget\" data-widget_type=\"trx_elm_counter.default\">\n\t\t\t\t<div class=\"elementor-widget-container\">\n\t\t\t\t\t\t\t<div class=\"trx-addons-counter-container\">\n\t\t\t<div class=\"trx-addons-counter trx-addons-counter-cd09634 trx-addons-counter-layout-1\" data-target=\".trx-addons-counter-number-cd09634\"><div class=\"trx-addons-counter-number-title-wrap\"><p class=\"trx-addons-counter-number-wrap\"><span class=\"trx-addons-counter-number trx-addons-counter-number-cd09634\" data-from=\"0\" data-to=\"15\" data-speed=\"1500\" data-separator=\"yes\" data-separator-char=\"\">0<\/span><\/p><div class=\"trx-addons-counter-title-wrap\"><div class=\"trx-addons-counter-title\">nouvelles annonces<\/div><\/div><\/div><\/div>\n\t\t<\/div>\n\t\t\t\t\t\t<\/div>\n\t\t\t\t<\/div>\n\t\t\t\t<div class=\"elementor-element elementor-element-e7734c8 sc_fly_static elementor-widget elementor-widget-trx_elm_counter\" data-id=\"e7734c8\" data-element_type=\"widget\" data-e-type=\"widget\" data-widget_type=\"trx_elm_counter.default\">\n\t\t\t\t<div class=\"elementor-widget-container\">\n\t\t\t\t\t\t\t<div class=\"trx-addons-counter-container\">\n\t\t\t<div class=\"trx-addons-counter trx-addons-counter-e7734c8 trx-addons-counter-layout-1\" data-target=\".trx-addons-counter-number-e7734c8\"><div class=\"trx-addons-counter-number-title-wrap\"><p class=\"trx-addons-counter-number-wrap\"><span class=\"trx-addons-counter-number trx-addons-counter-number-e7734c8\" data-from=\"0\" data-to=\"39\" data-speed=\"1500\" data-separator=\"yes\" data-separator-char=\"\">0<\/span><\/p><div class=\"trx-addons-counter-title-wrap\"><div class=\"trx-addons-counter-title\">ann\u00e9es d&#039;exp\u00e9rience<\/div><\/div><\/div><\/div>\n\t\t<\/div>\n\t\t\t\t\t\t<\/div>\n\t\t\t\t<\/div>\n\t\t\t\t<div class=\"elementor-element elementor-element-c07fb99 sc_fly_static elementor-widget elementor-widget-trx_elm_counter\" data-id=\"c07fb99\" data-element_type=\"widget\" data-e-type=\"widget\" data-widget_type=\"trx_elm_counter.default\">\n\t\t\t\t<div class=\"elementor-widget-container\">\n\t\t\t\t\t\t\t<div class=\"trx-addons-counter-container\">\n\t\t\t<div class=\"trx-addons-counter trx-addons-counter-c07fb99 trx-addons-counter-layout-1\" data-target=\".trx-addons-counter-number-c07fb99\"><div class=\"trx-addons-counter-number-title-wrap\"><p class=\"trx-addons-counter-number-wrap\"><span class=\"trx-addons-counter-number-prefix\">+<\/span><span class=\"trx-addons-counter-number trx-addons-counter-number-c07fb99\" data-from=\"0\" data-to=\"100\" data-speed=\"1500\" data-separator=\"yes\" data-separator-char=\"\">0<\/span><\/p><div class=\"trx-addons-counter-title-wrap\"><div class=\"trx-addons-counter-title\">v\u00e9hicules disponible<\/div><\/div><\/div><\/div>\n\t\t<\/div>\n\t\t\t\t\t\t<\/div>\n\t\t\t\t<\/div>\n\t\t\t\t<\/div>\n\t\t\t\t<\/div>\n\t\t\t\t<\/div>\n\t\t","protected":false},"excerpt":{"rendered":"<p>Vendre votre v\u00e9hicule Auto Technic Magnier Vous souhaitez vendre votre v\u00e9hicule simplement ?&hellip;<\/p>\n","protected":false},"author":2,"featured_media":0,"parent":0,"menu_order":0,"comment_status":"closed","ping_status":"closed","template":"","meta":{"footnotes":""},"class_list":["post-6771","page","type-page","status-publish","hentry"],"yoast_head":"<!-- This site is optimized with the Yoast SEO plugin v27.2 - https:\/\/yoast.com\/product\/yoast-seo-wordpress\/ -->\n<title>Vendre votre Mercedes \u00e0 P\u00e9ruwelz \u2013 Estimation rapide | Auto Technic Magnier<\/title>\n<meta name=\"description\" content=\"Vous souhaitez vendre ou faire reprendre votre Mercedes ? Obtenez une estimation de nos experts en ligne ou par t\u00e9l\u00e9phone. R\u00e9ponse rapide, prix juste, sans engagement.\" \/>\n<meta name=\"robots\" content=\"noindex, follow, max-snippet:-1, max-image-preview:large, max-video-preview:-1\" \/>\n<meta property=\"og:locale\" content=\"fr_FR\" \/>\n<meta property=\"og:type\" content=\"article\" \/>\n<meta property=\"og:title\" content=\"Vendre votre Mercedes \u00e0 P\u00e9ruwelz \u2013 Estimation rapide | Auto Technic Magnier\" \/>\n<meta property=\"og:description\" content=\"Vous souhaitez vendre ou faire reprendre votre Mercedes ? Obtenez une estimation de nos experts en ligne ou par t\u00e9l\u00e9phone. R\u00e9ponse rapide, prix juste, sans engagement.\" \/>\n<meta property=\"og:url\" content=\"https:\/\/wapix.website\/magnier\/vendre-votre-vehicule\/\" \/>\n<meta property=\"og:site_name\" content=\"Auto Technic Magnier\" \/>\n<meta property=\"article:modified_time\" content=\"2026-03-24T08:28:10+00:00\" \/>\n<meta property=\"og:image\" content=\"https:\/\/wapix.website\/magnier\/wp-content\/uploads\/2026\/03\/512682989_1283176353814838_451678324331970585_n.jpg\" \/>\n<meta name=\"twitter:card\" content=\"summary_large_image\" \/>\n<meta name=\"twitter:label1\" content=\"Dur\u00e9e de lecture estim\u00e9e\" \/>\n\t<meta name=\"twitter:data1\" content=\"1 minute\" \/>\n<script type=\"application\/ld+json\" class=\"yoast-schema-graph\">{\"@context\":\"https:\/\/schema.org\",\"@graph\":[{\"@type\":\"WebPage\",\"@id\":\"https:\/\/wapix.website\/magnier\/vendre-votre-vehicule\/\",\"url\":\"https:\/\/wapix.website\/magnier\/vendre-votre-vehicule\/\",\"name\":\"Vendre votre Mercedes \u00e0 P\u00e9ruwelz \u2013 Estimation rapide | Auto Technic Magnier\",\"isPartOf\":{\"@id\":\"https:\/\/wapix.website\/magnier\/#website\"},\"primaryImageOfPage\":{\"@id\":\"https:\/\/wapix.website\/magnier\/vendre-votre-vehicule\/#primaryimage\"},\"image\":{\"@id\":\"https:\/\/wapix.website\/magnier\/vendre-votre-vehicule\/#primaryimage\"},\"thumbnailUrl\":\"https:\/\/wapix.website\/magnier\/wp-content\/uploads\/2026\/03\/512682989_1283176353814838_451678324331970585_n.jpg\",\"datePublished\":\"2026-03-24T07:54:31+00:00\",\"dateModified\":\"2026-03-24T08:28:10+00:00\",\"description\":\"Vous souhaitez vendre ou faire reprendre votre Mercedes ? Obtenez une estimation de nos experts en ligne ou par t\u00e9l\u00e9phone. R\u00e9ponse rapide, prix juste, sans engagement.\",\"breadcrumb\":{\"@id\":\"https:\/\/wapix.website\/magnier\/vendre-votre-vehicule\/#breadcrumb\"},\"inLanguage\":\"fr-FR\",\"potentialAction\":[{\"@type\":\"ReadAction\",\"target\":[\"https:\/\/wapix.website\/magnier\/vendre-votre-vehicule\/\"]}]},{\"@type\":\"ImageObject\",\"inLanguage\":\"fr-FR\",\"@id\":\"https:\/\/wapix.website\/magnier\/vendre-votre-vehicule\/#primaryimage\",\"url\":\"https:\/\/wapix.website\/magnier\/wp-content\/uploads\/2026\/03\/512682989_1283176353814838_451678324331970585_n.jpg\",\"contentUrl\":\"https:\/\/wapix.website\/magnier\/wp-content\/uploads\/2026\/03\/512682989_1283176353814838_451678324331970585_n.jpg\",\"width\":2048,\"height\":1536},{\"@type\":\"BreadcrumbList\",\"@id\":\"https:\/\/wapix.website\/magnier\/vendre-votre-vehicule\/#breadcrumb\",\"itemListElement\":[{\"@type\":\"ListItem\",\"position\":1,\"name\":\"Accueil\",\"item\":\"https:\/\/wapix.website\/magnier\/\"},{\"@type\":\"ListItem\",\"position\":2,\"name\":\"Vendre votre v\u00e9hicule\"}]},{\"@type\":\"WebSite\",\"@id\":\"https:\/\/wapix.website\/magnier\/#website\",\"url\":\"https:\/\/wapix.website\/magnier\/\",\"name\":\"Garage Magnier\",\"description\":\"Distributeur ind\u00e9pendant Mercedes\",\"publisher\":{\"@id\":\"https:\/\/wapix.website\/magnier\/#organization\"},\"potentialAction\":[{\"@type\":\"SearchAction\",\"target\":{\"@type\":\"EntryPoint\",\"urlTemplate\":\"https:\/\/wapix.website\/magnier\/?s={search_term_string}\"},\"query-input\":{\"@type\":\"PropertyValueSpecification\",\"valueRequired\":true,\"valueName\":\"search_term_string\"}}],\"inLanguage\":\"fr-FR\"},{\"@type\":\"Organization\",\"@id\":\"https:\/\/wapix.website\/magnier\/#organization\",\"name\":\"Garage Magnier\",\"url\":\"https:\/\/wapix.website\/magnier\/\",\"logo\":{\"@type\":\"ImageObject\",\"inLanguage\":\"fr-FR\",\"@id\":\"https:\/\/wapix.website\/magnier\/#\/schema\/logo\/image\/\",\"url\":\"https:\/\/wapix.website\/magnier\/wp-content\/uploads\/2026\/03\/Logo-H_01.png\",\"contentUrl\":\"https:\/\/wapix.website\/magnier\/wp-content\/uploads\/2026\/03\/Logo-H_01.png\",\"width\":231,\"height\":65,\"caption\":\"Garage Magnier\"},\"image\":{\"@id\":\"https:\/\/wapix.website\/magnier\/#\/schema\/logo\/image\/\"}}]}<\/script>\n<!-- \/ Yoast SEO plugin. -->","yoast_head_json":{"title":"Vendre votre Mercedes \u00e0 P\u00e9ruwelz \u2013 Estimation rapide | Auto Technic Magnier","description":"Vous souhaitez vendre ou faire reprendre votre Mercedes ? Obtenez une estimation de nos experts en ligne ou par t\u00e9l\u00e9phone. R\u00e9ponse rapide, prix juste, sans engagement.","robots":{"index":"noindex","follow":"follow","max-snippet":"max-snippet:-1","max-image-preview":"max-image-preview:large","max-video-preview":"max-video-preview:-1"},"og_locale":"fr_FR","og_type":"article","og_title":"Vendre votre Mercedes \u00e0 P\u00e9ruwelz \u2013 Estimation rapide | Auto Technic Magnier","og_description":"Vous souhaitez vendre ou faire reprendre votre Mercedes ? Obtenez une estimation de nos experts en ligne ou par t\u00e9l\u00e9phone. R\u00e9ponse rapide, prix juste, sans engagement.","og_url":"https:\/\/wapix.website\/magnier\/vendre-votre-vehicule\/","og_site_name":"Auto Technic Magnier","article_modified_time":"2026-03-24T08:28:10+00:00","og_image":[{"url":"https:\/\/wapix.website\/magnier\/wp-content\/uploads\/2026\/03\/512682989_1283176353814838_451678324331970585_n.jpg","type":"","width":"","height":""}],"twitter_card":"summary_large_image","twitter_misc":{"Dur\u00e9e de lecture estim\u00e9e":"1 minute"},"schema":{"@context":"https:\/\/schema.org","@graph":[{"@type":"WebPage","@id":"https:\/\/wapix.website\/magnier\/vendre-votre-vehicule\/","url":"https:\/\/wapix.website\/magnier\/vendre-votre-vehicule\/","name":"Vendre votre Mercedes \u00e0 P\u00e9ruwelz \u2013 Estimation rapide | Auto Technic Magnier","isPartOf":{"@id":"https:\/\/wapix.website\/magnier\/#website"},"primaryImageOfPage":{"@id":"https:\/\/wapix.website\/magnier\/vendre-votre-vehicule\/#primaryimage"},"image":{"@id":"https:\/\/wapix.website\/magnier\/vendre-votre-vehicule\/#primaryimage"},"thumbnailUrl":"https:\/\/wapix.website\/magnier\/wp-content\/uploads\/2026\/03\/512682989_1283176353814838_451678324331970585_n.jpg","datePublished":"2026-03-24T07:54:31+00:00","dateModified":"2026-03-24T08:28:10+00:00","description":"Vous souhaitez vendre ou faire reprendre votre Mercedes ? Obtenez une estimation de nos experts en ligne ou par t\u00e9l\u00e9phone. R\u00e9ponse rapide, prix juste, sans engagement.","breadcrumb":{"@id":"https:\/\/wapix.website\/magnier\/vendre-votre-vehicule\/#breadcrumb"},"inLanguage":"fr-FR","potentialAction":[{"@type":"ReadAction","target":["https:\/\/wapix.website\/magnier\/vendre-votre-vehicule\/"]}]},{"@type":"ImageObject","inLanguage":"fr-FR","@id":"https:\/\/wapix.website\/magnier\/vendre-votre-vehicule\/#primaryimage","url":"https:\/\/wapix.website\/magnier\/wp-content\/uploads\/2026\/03\/512682989_1283176353814838_451678324331970585_n.jpg","contentUrl":"https:\/\/wapix.website\/magnier\/wp-content\/uploads\/2026\/03\/512682989_1283176353814838_451678324331970585_n.jpg","width":2048,"height":1536},{"@type":"BreadcrumbList","@id":"https:\/\/wapix.website\/magnier\/vendre-votre-vehicule\/#breadcrumb","itemListElement":[{"@type":"ListItem","position":1,"name":"Accueil","item":"https:\/\/wapix.website\/magnier\/"},{"@type":"ListItem","position":2,"name":"Vendre votre v\u00e9hicule"}]},{"@type":"WebSite","@id":"https:\/\/wapix.website\/magnier\/#website","url":"https:\/\/wapix.website\/magnier\/","name":"Garage Magnier","description":"Distributeur ind\u00e9pendant Mercedes","publisher":{"@id":"https:\/\/wapix.website\/magnier\/#organization"},"potentialAction":[{"@type":"SearchAction","target":{"@type":"EntryPoint","urlTemplate":"https:\/\/wapix.website\/magnier\/?s={search_term_string}"},"query-input":{"@type":"PropertyValueSpecification","valueRequired":true,"valueName":"search_term_string"}}],"inLanguage":"fr-FR"},{"@type":"Organization","@id":"https:\/\/wapix.website\/magnier\/#organization","name":"Garage Magnier","url":"https:\/\/wapix.website\/magnier\/","logo":{"@type":"ImageObject","inLanguage":"fr-FR","@id":"https:\/\/wapix.website\/magnier\/#\/schema\/logo\/image\/","url":"https:\/\/wapix.website\/magnier\/wp-content\/uploads\/2026\/03\/Logo-H_01.png","contentUrl":"https:\/\/wapix.website\/magnier\/wp-content\/uploads\/2026\/03\/Logo-H_01.png","width":231,"height":65,"caption":"Garage Magnier"},"image":{"@id":"https:\/\/wapix.website\/magnier\/#\/schema\/logo\/image\/"}}]}},"_hostinger_reach_plugin_has_subscription_block":false,"_hostinger_reach_plugin_is_elementor":false,"_links":{"self":[{"href":"https:\/\/wapix.website\/magnier\/wp-json\/wp\/v2\/pages\/6771","targetHints":{"allow":["GET"]}}],"collection":[{"href":"https:\/\/wapix.website\/magnier\/wp-json\/wp\/v2\/pages"}],"about":[{"href":"https:\/\/wapix.website\/magnier\/wp-json\/wp\/v2\/types\/page"}],"author":[{"embeddable":true,"href":"https:\/\/wapix.website\/magnier\/wp-json\/wp\/v2\/users\/2"}],"replies":[{"embeddable":true,"href":"https:\/\/wapix.website\/magnier\/wp-json\/wp\/v2\/comments?post=6771"}],"version-history":[{"count":16,"href":"https:\/\/wapix.website\/magnier\/wp-json\/wp\/v2\/pages\/6771\/revisions"}],"predecessor-version":[{"id":6809,"href":"https:\/\/wapix.website\/magnier\/wp-json\/wp\/v2\/pages\/6771\/revisions\/6809"}],"wp:attachment":[{"href":"https:\/\/wapix.website\/magnier\/wp-json\/wp\/v2\/media?parent=6771"}],"curies":[{"name":"wp","href":"https:\/\/api.w.org\/{rel}","templated":true}]}}